{"id":20,"date":"2025-08-20T23:48:46","date_gmt":"2025-08-20T23:48:46","guid":{"rendered":"https:\/\/corinnedays.net\/?page_id=20"},"modified":"2025-08-21T00:19:44","modified_gmt":"2025-08-21T00:19:44","slug":"feng-shui-pro","status":"publish","type":"page","link":"https:\/\/corinnedays.net\/index.php\/feng-shui-pro\/","title":{"rendered":"Feng shui pro"},"content":{"rendered":"\n<p>Vous \u00eates entrepreneur (e) et vous ne voulez rien laisser au hasard?<\/p>\n\n\n\n<p>Dans un cadre professionnel, le feng shui est un outil puissant pour soutenir la r\u00e9ussite et la prosp\u00e9rit\u00e9 financi\u00e8re.<\/p>\n\n\n\n<p>L\u2019am\u00e9nagement de bureaux ou de commerces n\u2019est pas seulement une question d\u2019esth\u00e9tique : il influence directement l\u2019\u00e9nergie, la motivation et la fluidit\u00e9 des activit\u00e9s.<\/p>\n\n\n\n<p>Gr\u00e2ce \u00e0 l\u2019analyse du lieu, notamment avec la m\u00e9thode des \u00e9toiles volantes, il est possible d\u2019identifier les zones favorables \u00e0 la croissance, \u00e0 l\u2019abondance et aux opportunit\u00e9s, mais aussi de rep\u00e9rer les secteurs qui peuvent freiner le d\u00e9veloppement.<\/p>\n\n\n\n<p>En r\u00e9\u00e9quilibrant ces espaces, le feng shui aide \u00e0 cr\u00e9er un environnement qui attire de meilleures conditions de travail, renforce la confiance des clients et soutient la r\u00e9ussite \u00e9conomique sur le long terme. Vous pouvez avoir r\u00e9alis\u00e9 toutes les \u00e9tudes de march\u00e9, interview\u00e9 vos cibles, avoir une communication parfaite, une \u00e9quipe incroyable et pour autant votre entreprise n\u2019a pas l\u2019\u00e9volution attendue.<\/p>\n\n\n\n<figure class=\"wp-block-image size-large is-style-rounded\"><img loading=\"lazy\" decoding=\"async\" width=\"1024\" height=\"1012\" src=\"https:\/\/corinnedays.net\/wp-content\/uploads\/2025\/08\/IMG_1523-1024x1012.jpg\" alt=\"\" class=\"wp-image-70\" srcset=\"https:\/\/corinnedays.net\/wp-content\/uploads\/2025\/08\/IMG_1523-1024x1012.jpg 1024w, https:\/\/corinnedays.net\/wp-content\/uploads\/2025\/08\/IMG_1523-300x296.jpg 300w, https:\/\/corinnedays.net\/wp-content\/uploads\/2025\/08\/IMG_1523-768x759.jpg 768w, https:\/\/corinnedays.net\/wp-content\/uploads\/2025\/08\/IMG_1523-100x100.jpg 100w, https:\/\/corinnedays.net\/wp-content\/uploads\/2025\/08\/IMG_1523.jpg 1368w\" sizes=\"auto, (max-width: 767px) 89vw, (max-width: 1000px) 54vw, (max-width: 1071px) 543px, 580px\" \/><\/figure>\n","protected":false},"excerpt":{"rendered":"<p>Vous \u00eates entrepreneur (e) et vous ne voulez rien laisser au hasard? Dans un cadre professionnel, le feng shui est un outil puissant pour soutenir la r\u00e9ussite et la prosp\u00e9rit\u00e9 financi\u00e8re. L\u2019am\u00e9nagement de bureaux ou de commerces n\u2019est pas seulement une question d\u2019esth\u00e9tique : il influence directement l\u2019\u00e9nergie, la motivation et la fluidit\u00e9 des activit\u00e9s. &hellip; <\/p>\n<p class=\"link-more\"><a href=\"https:\/\/corinnedays.net\/index.php\/feng-shui-pro\/\" class=\"more-link\">Continue reading<span class=\"screen-reader-text\"> &#8220;Feng shui pro&#8221;<\/span><\/a><\/p>\n","protected":false},"author":1,"featured_media":0,"parent":0,"menu_order":0,"comment_status":"closed","ping_status":"closed","template":"","meta":{"footnotes":""},"class_list":["post-20","page","type-page","status-publish","hentry"],"_links":{"self":[{"href":"https:\/\/corinnedays.net\/index.php\/wp-json\/wp\/v2\/pages\/20","targetHints":{"allow":["GET"]}}],"collection":[{"href":"https:\/\/corinnedays.net\/index.php\/wp-json\/wp\/v2\/pages"}],"about":[{"href":"https:\/\/corinnedays.net\/index.php\/wp-json\/wp\/v2\/types\/page"}],"author":[{"embeddable":true,"href":"https:\/\/corinnedays.net\/index.php\/wp-json\/wp\/v2\/users\/1"}],"replies":[{"embeddable":true,"href":"https:\/\/corinnedays.net\/index.php\/wp-json\/wp\/v2\/comments?post=20"}],"version-history":[{"count":4,"href":"https:\/\/corinnedays.net\/index.php\/wp-json\/wp\/v2\/pages\/20\/revisions"}],"predecessor-version":[{"id":82,"href":"https:\/\/corinnedays.net\/index.php\/wp-json\/wp\/v2\/pages\/20\/revisions\/82"}],"wp:attachment":[{"href":"https:\/\/corinnedays.net\/index.php\/wp-json\/wp\/v2\/media?parent=20"}],"curies":[{"name":"wp","href":"https:\/\/api.w.org\/{rel}","templated":true}]}}