{"id":23,"date":"2025-08-20T23:48:46","date_gmt":"2025-08-20T23:48:46","guid":{"rendered":"https:\/\/corinnedays.net\/?page_id=23"},"modified":"2025-08-21T00:16:51","modified_gmt":"2025-08-21T00:16:51","slug":"plus-concretement","status":"publish","type":"page","link":"https:\/\/corinnedays.net\/index.php\/plus-concretement\/","title":{"rendered":"Plus concr\u00e8tement"},"content":{"rendered":"\n<p><strong>Le feng shui agit principalement sur deux domaines d\u2019influence :<\/strong><\/p>\n\n\n\n<ul class=\"wp-block-list\">\n<li><strong>La prosp\u00e9rit\u00e9<\/strong> : Il favorise les entr\u00e9es d\u2019argent, le d\u00e9veloppement professionnel, les r\u00e9sultats scolaires et la croissance de la client\u00e8le.<\/li>\n\n\n\n<li><strong>Les relations et la sant\u00e9<\/strong> : \u00c9troitement li\u00e9 \u00e0 la M\u00e9decine Traditionnelle Chinoise, le Feng Shui influence le sommeil, la concentration, le stress et la qualit\u00e9 des relations familiales et professionnelles. Il soutient la sant\u00e9, en aidant \u00e0 pr\u00e9venir certaines maladies et en accompagnant les efforts de gu\u00e9rison, sans jamais se substituer \u00e0 un avis m\u00e9dical.<\/li>\n<\/ul>\n\n\n\n<p><strong>Le feng shui permet de :<\/strong><\/p>\n\n\n\n<ul class=\"wp-block-list\">\n<li>Choisir le lieu le plus favorable pour ses activit\u00e9s, personnelles ou professionnelles.<\/li>\n\n\n\n<li>Am\u00e9nager son environnement avec les bonnes couleurs, mati\u00e8res et dispositions.<\/li>\n\n\n\n<li>Comprendre la phase de vie dans laquelle on se trouve et s\u2019y ajuster.<br><\/li>\n<\/ul>\n\n\n\n<p><\/p>\n","protected":false},"excerpt":{"rendered":"<p>Le feng shui agit principalement sur deux domaines d\u2019influence : Le feng shui permet de :<\/p>\n","protected":false},"author":1,"featured_media":0,"parent":0,"menu_order":0,"comment_status":"closed","ping_status":"closed","template":"","meta":{"footnotes":"[]"},"class_list":["post-23","page","type-page","status-publish","hentry"],"_links":{"self":[{"href":"https:\/\/corinnedays.net\/index.php\/wp-json\/wp\/v2\/pages\/23","targetHints":{"allow":["GET"]}}],"collection":[{"href":"https:\/\/corinnedays.net\/index.php\/wp-json\/wp\/v2\/pages"}],"about":[{"href":"https:\/\/corinnedays.net\/index.php\/wp-json\/wp\/v2\/types\/page"}],"author":[{"embeddable":true,"href":"https:\/\/corinnedays.net\/index.php\/wp-json\/wp\/v2\/users\/1"}],"replies":[{"embeddable":true,"href":"https:\/\/corinnedays.net\/index.php\/wp-json\/wp\/v2\/comments?post=23"}],"version-history":[{"count":2,"href":"https:\/\/corinnedays.net\/index.php\/wp-json\/wp\/v2\/pages\/23\/revisions"}],"predecessor-version":[{"id":67,"href":"https:\/\/corinnedays.net\/index.php\/wp-json\/wp\/v2\/pages\/23\/revisions\/67"}],"wp:attachment":[{"href":"https:\/\/corinnedays.net\/index.php\/wp-json\/wp\/v2\/media?parent=23"}],"curies":[{"name":"wp","href":"https:\/\/api.w.org\/{rel}","templated":true}]}}