{"id":24,"date":"2025-08-20T23:48:46","date_gmt":"2025-08-20T23:48:46","guid":{"rendered":"https:\/\/corinnedays.net\/?page_id=24"},"modified":"2025-08-21T00:09:40","modified_gmt":"2025-08-21T00:09:40","slug":"feng-shui-traditionnel","status":"publish","type":"page","link":"https:\/\/corinnedays.net\/index.php\/feng-shui-traditionnel\/","title":{"rendered":"Feng shui traditionnel"},"content":{"rendered":"\n<p>Le feng shui traditionnel est un art mill\u00e9naire chinois qui vise \u00e0 harmoniser l\u2019\u00e9nergie (le qi) dans nos espaces de vie et de travail afin de favoriser la sant\u00e9, la prosp\u00e9rit\u00e9 et l\u2019\u00e9quilibre int\u00e9rieur.<\/p>\n\n\n\n<p>L\u2019une de ses m\u00e9thodes les plus pr\u00e9cises est celle des \u00e9toiles volantes, qui analyse l\u2019influence du temps et de l\u2019espace sur un lieu gr\u00e2ce \u00e0 une carte \u00e9nerg\u00e9tique unique \u00e0 chaque habitation.<\/p>\n\n\n\n<p>En comprenant ces dynamiques invisibles, il devient possible d\u2019am\u00e9nager son environnement de mani\u00e8re \u00e0 soutenir son bien-\u00eatre, r\u00e9duire les sources de stress et cr\u00e9er une atmosph\u00e8re plus fluide et ressour\u00e7ante au quotidien.<\/p>\n\n\n\n<p><\/p>\n\n\n\n<figure class=\"wp-block-image size-full\"><img loading=\"lazy\" decoding=\"async\" width=\"962\" height=\"964\" src=\"http:\/\/corinnedays.net\/wp-content\/uploads\/2025\/08\/IMG_3029.jpeg\" alt=\"\" class=\"wp-image-61\" srcset=\"https:\/\/corinnedays.net\/wp-content\/uploads\/2025\/08\/IMG_3029.jpeg 962w, https:\/\/corinnedays.net\/wp-content\/uploads\/2025\/08\/IMG_3029-300x300.jpeg 300w, https:\/\/corinnedays.net\/wp-content\/uploads\/2025\/08\/IMG_3029-150x150.jpeg 150w, https:\/\/corinnedays.net\/wp-content\/uploads\/2025\/08\/IMG_3029-768x770.jpeg 768w, https:\/\/corinnedays.net\/wp-content\/uploads\/2025\/08\/IMG_3029-100x100.jpeg 100w\" sizes=\"auto, (max-width: 767px) 89vw, (max-width: 1000px) 54vw, (max-width: 1071px) 543px, 580px\" \/><\/figure>\n","protected":false},"excerpt":{"rendered":"<p>Le feng shui traditionnel est un art mill\u00e9naire chinois qui vise \u00e0 harmoniser l\u2019\u00e9nergie (le qi) dans nos espaces de vie et de travail afin de favoriser la sant\u00e9, la prosp\u00e9rit\u00e9 et l\u2019\u00e9quilibre int\u00e9rieur. L\u2019une de ses m\u00e9thodes les plus pr\u00e9cises est celle des \u00e9toiles volantes, qui analyse l\u2019influence du temps et de l\u2019espace sur &hellip; <\/p>\n<p class=\"link-more\"><a href=\"https:\/\/corinnedays.net\/index.php\/feng-shui-traditionnel\/\" class=\"more-link\">Continue reading<span class=\"screen-reader-text\"> &#8220;Feng shui traditionnel&#8221;<\/span><\/a><\/p>\n","protected":false},"author":1,"featured_media":0,"parent":0,"menu_order":0,"comment_status":"closed","ping_status":"closed","template":"","meta":{"footnotes":""},"class_list":["post-24","page","type-page","status-publish","hentry"],"_links":{"self":[{"href":"https:\/\/corinnedays.net\/index.php\/wp-json\/wp\/v2\/pages\/24","targetHints":{"allow":["GET"]}}],"collection":[{"href":"https:\/\/corinnedays.net\/index.php\/wp-json\/wp\/v2\/pages"}],"about":[{"href":"https:\/\/corinnedays.net\/index.php\/wp-json\/wp\/v2\/types\/page"}],"author":[{"embeddable":true,"href":"https:\/\/corinnedays.net\/index.php\/wp-json\/wp\/v2\/users\/1"}],"replies":[{"embeddable":true,"href":"https:\/\/corinnedays.net\/index.php\/wp-json\/wp\/v2\/comments?post=24"}],"version-history":[{"count":3,"href":"https:\/\/corinnedays.net\/index.php\/wp-json\/wp\/v2\/pages\/24\/revisions"}],"predecessor-version":[{"id":62,"href":"https:\/\/corinnedays.net\/index.php\/wp-json\/wp\/v2\/pages\/24\/revisions\/62"}],"wp:attachment":[{"href":"https:\/\/corinnedays.net\/index.php\/wp-json\/wp\/v2\/media?parent=24"}],"curies":[{"name":"wp","href":"https:\/\/api.w.org\/{rel}","templated":true}]}}