{"id":50,"date":"2025-08-20T23:55:56","date_gmt":"2025-08-20T23:55:56","guid":{"rendered":"https:\/\/corinnedays.net\/?page_id=50"},"modified":"2025-08-21T00:05:55","modified_gmt":"2025-08-21T00:05:55","slug":"presentation","status":"publish","type":"page","link":"https:\/\/corinnedays.net\/","title":{"rendered":"Pr\u00e9sentation"},"content":{"rendered":"\n<p>Le feng shui me suit depuis mes 20 ans. Cela a commenc\u00e9 avec l\u2019achat d\u2019un livre pendant des vacances en bord de mer \u00e0 Montalivet-les-bains. Je n\u2019ai pas tout compris mais j\u2019ai mis en place des choses dans mon premier appartement.&nbsp;<\/p>\n\n\n\n<p>Durant mes ann\u00e9es de salariat dans divers domaines d\u2019activit\u00e9, le feng shui a toujours \u00e9t\u00e9 dans ma t\u00eate, avec la certitude qu\u2019un jour, quand j\u2019aurai du temps, je suivrai une formation. Il aura fallu attendre plus de 20 ans, un mariage, 3 enfants, et une expatriation, pour avoir toutes les conditions n\u00e9cessaires r\u00e9unies.&nbsp;<\/p>\n\n\n\n<p>C\u2019est donc avec un immense plaisir que je mets depuis plusieurs ann\u00e9es maintenant mes comp\u00e9tences \u00e0 votre service afin de vous aider \u00e0 d\u00e9bloquer des situations et profiter pleinement de votre lieu de vie (et de travail).&nbsp;<\/p>\n\n\n\n<p>Je travaille \u00e0 vos cot\u00e9s, en \u00e9coutant attentivement vos besoins, en observant vos habitudes de vie et en respectant votre cadre de vie. Mon intention est de vous donner le petit coup de pouce n\u00e9cessaire \u00e0 votre bien-\u00eatre.<\/p>\n\n\n\n<figure class=\"wp-block-image size-large is-style-rounded\"><img loading=\"lazy\" decoding=\"async\" width=\"965\" height=\"1024\" src=\"https:\/\/corinnedays.net\/wp-content\/uploads\/2025\/08\/Ma-photo-965x1024.jpg\" alt=\"\" class=\"wp-image-57\" srcset=\"https:\/\/corinnedays.net\/wp-content\/uploads\/2025\/08\/Ma-photo-965x1024.jpg 965w, https:\/\/corinnedays.net\/wp-content\/uploads\/2025\/08\/Ma-photo-283x300.jpg 283w, https:\/\/corinnedays.net\/wp-content\/uploads\/2025\/08\/Ma-photo-768x815.jpg 768w, https:\/\/corinnedays.net\/wp-content\/uploads\/2025\/08\/Ma-photo.jpg 1268w\" sizes=\"auto, (max-width: 767px) 89vw, (max-width: 1000px) 54vw, (max-width: 1071px) 543px, 580px\" \/><\/figure>\n","protected":false},"excerpt":{"rendered":"<p>Le feng shui me suit depuis mes 20 ans. Cela a commenc\u00e9 avec l\u2019achat d\u2019un livre pendant des vacances en bord de mer \u00e0 Montalivet-les-bains. Je n\u2019ai pas tout compris mais j\u2019ai mis en place des choses dans mon premier appartement.&nbsp; Durant mes ann\u00e9es de salariat dans divers domaines d\u2019activit\u00e9, le feng shui a toujours &hellip; <\/p>\n<p class=\"link-more\"><a href=\"https:\/\/corinnedays.net\/\" class=\"more-link\">Continue reading<span class=\"screen-reader-text\"> &#8220;Pr\u00e9sentation&#8221;<\/span><\/a><\/p>\n","protected":false},"author":1,"featured_media":0,"parent":0,"menu_order":0,"comment_status":"closed","ping_status":"closed","template":"","meta":{"footnotes":""},"class_list":["post-50","page","type-page","status-publish","hentry"],"_links":{"self":[{"href":"https:\/\/corinnedays.net\/index.php\/wp-json\/wp\/v2\/pages\/50","targetHints":{"allow":["GET"]}}],"collection":[{"href":"https:\/\/corinnedays.net\/index.php\/wp-json\/wp\/v2\/pages"}],"about":[{"href":"https:\/\/corinnedays.net\/index.php\/wp-json\/wp\/v2\/types\/page"}],"author":[{"embeddable":true,"href":"https:\/\/corinnedays.net\/index.php\/wp-json\/wp\/v2\/users\/1"}],"replies":[{"embeddable":true,"href":"https:\/\/corinnedays.net\/index.php\/wp-json\/wp\/v2\/comments?post=50"}],"version-history":[{"count":3,"href":"https:\/\/corinnedays.net\/index.php\/wp-json\/wp\/v2\/pages\/50\/revisions"}],"predecessor-version":[{"id":59,"href":"https:\/\/corinnedays.net\/index.php\/wp-json\/wp\/v2\/pages\/50\/revisions\/59"}],"wp:attachment":[{"href":"https:\/\/corinnedays.net\/index.php\/wp-json\/wp\/v2\/media?parent=50"}],"curies":[{"name":"wp","href":"https:\/\/api.w.org\/{rel}","templated":true}]}}